{"id":16,"date":"2024-07-24T09:54:36","date_gmt":"2024-07-24T07:54:36","guid":{"rendered":"https:\/\/leschaletsm.com\/?page_id=16"},"modified":"2024-07-31T20:38:19","modified_gmt":"2024-07-31T18:38:19","slug":"nous-ecrire","status":"publish","type":"page","link":"https:\/\/www.leschaletsm.com\/index.php\/nous-ecrire\/","title":{"rendered":"Nous \u00e9crire"},"content":{"rendered":"\t\t<div data-elementor-type=\"wp-page\" data-elementor-id=\"16\" class=\"elementor elementor-16\">\n\t\t\t\t<div class=\"elementor-element elementor-element-473449b e-con-full e-flex e-con e-parent\" data-id=\"473449b\" data-element_type=\"container\" data-settings=\"{&quot;background_background&quot;:&quot;classic&quot;}\">\n\t\t<div class=\"elementor-element elementor-element-f38d4d5 e-con-full e-flex e-con e-child\" data-id=\"f38d4d5\" data-element_type=\"container\">\n\t\t\t\t<div class=\"elementor-element elementor-element-28d36a0b elementor-widget elementor-widget-heading\" data-id=\"28d36a0b\" data-element_type=\"widget\" data-widget_type=\"heading.default\">\n\t\t\t\t<div class=\"elementor-widget-container\">\n\t\t\t<h1 class=\"elementor-heading-title elementor-size-default\">Nous Contacter<\/h1>\t\t<\/div>\n\t\t\t\t<\/div>\n\t\t\t\t<div class=\"elementor-element elementor-element-367b79ed elementor-widget elementor-widget-text-editor\" data-id=\"367b79ed\" data-element_type=\"widget\" data-widget_type=\"text-editor.default\">\n\t\t\t\t<div class=\"elementor-widget-container\">\n\t\t\t\t\t\t\t<p>Renseigner le formulaire et nous reviendrons vers vous tr\u00e8s rapidement<\/p>\t\t\t\t\t\t<\/div>\n\t\t\t\t<\/div>\n\t\t\t\t<\/div>\n\t\t<div class=\"elementor-element elementor-element-8725adb e-con-full e-flex e-con e-child\" data-id=\"8725adb\" data-element_type=\"container\">\n\t\t\t\t<div class=\"elementor-element elementor-element-814a4f9 elementor-widget elementor-widget-formidable\" data-id=\"814a4f9\" data-element_type=\"widget\" data-widget_type=\"formidable.default\">\n\t\t\t\t<div class=\"elementor-widget-container\">\n\t\t\t<div class=\"frm_forms  with_frm_style frm_style_style-formidable\" id=\"frm_form_2_container\" data-token=\"430296836c595bb3c1d79d1fad165907\">\n<form enctype=\"multipart\/form-data\" method=\"post\" class=\"frm-show-form \" id=\"form_nous-ecrire\" data-token=\"430296836c595bb3c1d79d1fad165907\">\n<div class=\"frm_form_fields \">\n<fieldset>\n<legend class=\"frm_screen_reader\">Nous ecrire<\/legend>\r\n\r\n<div class=\"frm_fields_container\">\n<input type=\"hidden\" name=\"frm_action\" value=\"create\" \/>\n<input type=\"hidden\" name=\"form_id\" value=\"2\" \/>\n<input type=\"hidden\" name=\"frm_hide_fields_2\" id=\"frm_hide_fields_2\" value=\"\" \/>\n<input type=\"hidden\" name=\"form_key\" value=\"nous-ecrire\" \/>\n<input type=\"hidden\" name=\"item_meta[0]\" value=\"\" \/>\n<input type=\"hidden\" id=\"frm_submit_entry_2\" name=\"frm_submit_entry_2\" value=\"bb5a61ab65\" \/><input type=\"hidden\" name=\"_wp_http_referer\" value=\"\/index.php\/wp-json\/wp\/v2\/pages\/16\" \/><div id=\"frm_field_11_container\" class=\"frm_form_field form-field  frm_top_container\">\r\n\t<div  id=\"field_qno5h_label\" class=\"frm_primary_label\">Nom\r\n\t\t<span class=\"frm_required\" aria-hidden=\"true\"><\/span>\r\n\t<\/div>\r\n\t<fieldset aria-labelledby=\"field_qno5h_label\">\n\t<legend class=\"frm_screen_reader frm_hidden\">\n\t\tNom\t<\/legend>\n\n\t<div  class=\"frm_combo_inputs_container\" id=\"frm_combo_inputs_container_11\" data-name-layout=\"first_last\">\n\t\t\t\t\t<div\n\t\t\t\tid=\"frm_field_11-first_container\"\n\t\t\t\tclass=\"frm_form_field form-field frm_form_subfield-first  frm6\"\n\t\t\t\tdata-sub-field-name=\"first\"\n\t\t\t>\n\t\t\t\t<label for=\"field_qno5h_first\" class=\"frm_screen_reader frm_hidden\">\n\t\t\t\t\tNom de famille\t\t\t\t<\/label>\n\n\t\t\t\t\t\t\t\t\t\t<input\n\t\t\t\t\t\t\ttype=\"text\"\n\t\t\t\t\t\t\tid=\"field_qno5h_first\"\n\t\t\t\t\t\t\tvalue=\"\"\n\t\t\t\t\t\t\tname=\"item_meta[11][first]\"  data-invmsg=\"Nom est non valide\" aria-invalid=\"false\"  \t\t\t\t\t\t\/>\n\t\t\t\t\t\t<div class=\"frm_description\" id=\"frm_field_11_first_desc\">Nom de famille<\/div>\t\t\t<\/div>\n\t\t\t\t\t\t<div\n\t\t\t\tid=\"frm_field_11-last_container\"\n\t\t\t\tclass=\"frm_form_field form-field frm_form_subfield-last  frm6\"\n\t\t\t\tdata-sub-field-name=\"last\"\n\t\t\t>\n\t\t\t\t<label for=\"field_qno5h_last\" class=\"frm_screen_reader frm_hidden\">\n\t\t\t\t\tPr\u00e9nom\t\t\t\t<\/label>\n\n\t\t\t\t\t\t\t\t\t\t<input\n\t\t\t\t\t\t\ttype=\"text\"\n\t\t\t\t\t\t\tid=\"field_qno5h_last\"\n\t\t\t\t\t\t\tvalue=\"\"\n\t\t\t\t\t\t\tname=\"item_meta[11][last]\"  data-invmsg=\"Nom est non valide\" aria-invalid=\"false\"  \t\t\t\t\t\t\/>\n\t\t\t\t\t\t<div class=\"frm_description\" id=\"frm_field_11_last_desc\">Pr\u00e9nom<\/div>\t\t\t<\/div>\n\t\t\t\t<\/div>\n<\/fieldset>\n\r\n\t\r\n\t\r\n<\/div>\n<div id=\"frm_field_12_container\" class=\"frm_form_field form-field  frm_top_container\">\r\n\t<label for=\"field_g87b6\" id=\"field_g87b6_label\" class=\"frm_primary_label\">Email\r\n\t\t<span class=\"frm_required\" aria-hidden=\"true\"><\/span>\r\n\t<\/label>\r\n\t<input type=\"email\" id=\"field_g87b6\" name=\"item_meta[12]\" value=\"\"  data-invmsg=\"Email est non valide\" aria-invalid=\"false\"  \/>\r\n\t\r\n\t\r\n<\/div>\n<div id=\"frm_field_13_container\" class=\"frm_form_field form-field  frm_top_container\">\r\n\t<label for=\"field_arj5u\" id=\"field_arj5u_label\" class=\"frm_primary_label\">Objet\r\n\t\t<span class=\"frm_required\" aria-hidden=\"true\"><\/span>\r\n\t<\/label>\r\n\t<input type=\"text\" id=\"field_arj5u\" name=\"item_meta[13]\" value=\"\"  data-invmsg=\"Objet est non valide\" aria-invalid=\"false\"  \/>\r\n\t\r\n\t\r\n<\/div>\n<div id=\"frm_field_15_container\" class=\"frm_form_field form-field  frm_top_container\">\r\n\t<label for=\"field_n4r3i\" id=\"field_n4r3i_label\" class=\"frm_primary_label\">Votre message\r\n\t\t<span class=\"frm_required\" aria-hidden=\"true\"><\/span>\r\n\t<\/label>\r\n\t<textarea name=\"item_meta[15]\" id=\"field_n4r3i\" rows=\"5\"  data-invmsg=\"Votre message est non valide\" aria-invalid=\"false\"  ><\/textarea>\r\n\t\r\n\t\r\n<\/div>\n<div id=\"frm_field_10_container\" class=\"frm_form_field form-field \">\r\n\t<div class=\"frm_submit frm_flex\">\r\n<button class=\"frm_button_submit\" type=\"submit\"  >Envoyer<\/button>\r\n\r\n\r\n\r\n<\/div>\r\n<\/div>\n\t<input type=\"hidden\" name=\"item_key\" value=\"\" \/>\n\t\t\t\t<div class=\"frm__66a119c23823e\">\n\t\t\t\t<label for=\"frm_email_2\" >\n\t\t\t\t\tSi vous \u00eates un humain, ne remplissez pas ce champ.\t\t\t\t<\/label>\n\t\t\t\t<input  id=\"frm_email_2\" type=\"text\" class=\"frm_verify\" name=\"frm__66a119c23823e\" value=\"\" autocomplete=\"off\"  \/>\n\t\t\t<\/div>\n\t\t<\/div>\n<\/fieldset>\n<\/div>\n<\/form>\n<\/div>\n\t\t<\/div>\n\t\t\t\t<\/div>\n\t\t\t\t<\/div>\n\t\t<div class=\"elementor-element elementor-element-07640b8 e-con-full e-flex e-con e-child\" data-id=\"07640b8\" data-element_type=\"container\">\n\t\t\t\t<div class=\"elementor-element elementor-element-7da55533 elementor-widget elementor-widget-google_maps\" data-id=\"7da55533\" data-element_type=\"widget\" data-widget_type=\"google_maps.default\">\n\t\t\t\t<div class=\"elementor-widget-container\">\n\t\t\t\t\t<div class=\"elementor-custom-embed\">\n\t\t\t<iframe loading=\"lazy\"\n\t\t\t\t\tsrc=\"https:\/\/maps.google.com\/maps?q=25%20chemin%20de%20la%20ravan%27lire%2C74310%20Les%20Houches&#038;t=m&#038;z=15&#038;output=embed&#038;iwloc=near\"\n\t\t\t\t\ttitle=\"25 chemin de la ravan&#039;lire,74310 Les Houches\"\n\t\t\t\t\taria-label=\"25 chemin de la ravan&#039;lire,74310 Les Houches\"\n\t\t\t><\/iframe>\n\t\t<\/div>\n\t\t\t\t<\/div>\n\t\t\t\t<\/div>\n\t\t\t\t<\/div>\n\t\t<div class=\"elementor-element elementor-element-a4f7cf8 e-con-full e-flex e-con e-child\" data-id=\"a4f7cf8\" data-element_type=\"container\">\n\t\t\t\t<div class=\"elementor-element elementor-element-4a7a2a45 elementor-widget elementor-widget-heading\" data-id=\"4a7a2a45\" data-element_type=\"widget\" data-widget_type=\"heading.default\">\n\t\t\t\t<div class=\"elementor-widget-container\">\n\t\t\t<h2 class=\"elementor-heading-title elementor-size-default\">Nous trouver<\/h2>\t\t<\/div>\n\t\t\t\t<\/div>\n\t\t<div class=\"elementor-element elementor-element-097a6c4 e-con-full e-flex e-con e-child\" data-id=\"097a6c4\" data-element_type=\"container\">\n\t\t<div class=\"elementor-element elementor-element-12daa9f e-con-full e-flex e-con e-child\" data-id=\"12daa9f\" data-element_type=\"container\">\n\t\t\t\t<div class=\"elementor-element elementor-element-4326061 elementor-widget__width-initial elementor-widget elementor-widget-heading\" data-id=\"4326061\" data-element_type=\"widget\" data-widget_type=\"heading.default\">\n\t\t\t\t<div class=\"elementor-widget-container\">\n\t\t\t<h2 class=\"elementor-heading-title elementor-size-default\">Les chalets de l'<\/h2>\t\t<\/div>\n\t\t\t\t<\/div>\n\t\t\t\t<div class=\"elementor-element elementor-element-382b433 elementor-widget elementor-widget-heading\" data-id=\"382b433\" data-element_type=\"widget\" data-widget_type=\"heading.default\">\n\t\t\t\t<div class=\"elementor-widget-container\">\n\t\t\t<h2 class=\"elementor-heading-title elementor-size-default\">M<\/h2>\t\t<\/div>\n\t\t\t\t<\/div>\n\t\t\t\t<\/div>\n\t\t\t\t<div class=\"elementor-element elementor-element-80b982d elementor-widget__width-initial elementor-widget elementor-widget-text-editor\" data-id=\"80b982d\" data-element_type=\"widget\" data-widget_type=\"text-editor.default\">\n\t\t\t\t<div class=\"elementor-widget-container\">\n\t\t\t\t\t\t\t<p>25 chemin de la Ravanlire<\/p><p>74310 Les Houches<\/p><p>06 84 63 5958<\/p>\t\t\t\t\t\t<\/div>\n\t\t\t\t<\/div>\n\t\t\t\t<\/div>\n\t\t\t\t<\/div>\n\t\t\t\t<\/div>\n\t\t<div class=\"elementor-element elementor-element-526bb8eb e-con-full e-flex e-con e-parent\" data-id=\"526bb8eb\" data-element_type=\"container\">\n\t\t<div class=\"elementor-element elementor-element-136fdfbb e-con-full e-flex e-con e-child\" data-id=\"136fdfbb\" data-element_type=\"container\" data-settings=\"{&quot;background_background&quot;:&quot;classic&quot;}\">\n\t\t\t\t<\/div>\n\t\t<div class=\"elementor-element elementor-element-6bf4488f e-con-full e-flex e-con e-child\" data-id=\"6bf4488f\" data-element_type=\"container\">\n\t\t\t\t<\/div>\n\t\t\t\t<\/div>\n\t\t\t\t<\/div>\n\t\t","protected":false},"excerpt":{"rendered":"<p>Nous Contacter Renseigner le formulaire et nous reviendrons vers vous tr\u00e8s rapidement Nous ecrire Nom Nom Nom de famille Nom de famille Pr\u00e9nom Pr\u00e9nom Email Objet Votre message Envoyer Si vous \u00eates un humain, ne remplissez pas ce champ. Nous trouver Les chalets de l&rsquo; M 25 chemin de la Ravanlire 74310 Les Houches 06 [&hellip;]<\/p>\n","protected":false},"author":3,"featured_media":0,"parent":0,"menu_order":0,"comment_status":"closed","ping_status":"closed","template":"","meta":{"ocean_post_layout":"","ocean_both_sidebars_style":"","ocean_both_sidebars_content_width":0,"ocean_both_sidebars_sidebars_width":0,"ocean_sidebar":"","ocean_second_sidebar":"","ocean_disable_margins":"enable","ocean_add_body_class":"","ocean_shortcode_before_top_bar":"","ocean_shortcode_after_top_bar":"","ocean_shortcode_before_header":"","ocean_shortcode_after_header":"","ocean_has_shortcode":"","ocean_shortcode_after_title":"","ocean_shortcode_before_footer_widgets":"","ocean_shortcode_after_footer_widgets":"","ocean_shortcode_before_footer_bottom":"","ocean_shortcode_after_footer_bottom":"","ocean_display_top_bar":"default","ocean_display_header":"default","ocean_header_style":"","ocean_center_header_left_menu":"","ocean_custom_header_template":"","ocean_custom_logo":0,"ocean_custom_retina_logo":0,"ocean_custom_logo_max_width":0,"ocean_custom_logo_tablet_max_width":0,"ocean_custom_logo_mobile_max_width":0,"ocean_custom_logo_max_height":0,"ocean_custom_logo_tablet_max_height":0,"ocean_custom_logo_mobile_max_height":0,"ocean_header_custom_menu":"","ocean_menu_typo_font_family":"","ocean_menu_typo_font_subset":"","ocean_menu_typo_font_size":0,"ocean_menu_typo_font_size_tablet":0,"ocean_menu_typo_font_size_mobile":0,"ocean_menu_typo_font_size_unit":"px","ocean_menu_typo_font_weight":"","ocean_menu_typo_font_weight_tablet":"","ocean_menu_typo_font_weight_mobile":"","ocean_menu_typo_transform":"","ocean_menu_typo_transform_tablet":"","ocean_menu_typo_transform_mobile":"","ocean_menu_typo_line_height":0,"ocean_menu_typo_line_height_tablet":0,"ocean_menu_typo_line_height_mobile":0,"ocean_menu_typo_line_height_unit":"","ocean_menu_typo_spacing":0,"ocean_menu_typo_spacing_tablet":0,"ocean_menu_typo_spacing_mobile":0,"ocean_menu_typo_spacing_unit":"","ocean_menu_link_color":"","ocean_menu_link_color_hover":"","ocean_menu_link_color_active":"","ocean_menu_link_background":"","ocean_menu_link_hover_background":"","ocean_menu_link_active_background":"","ocean_menu_social_links_bg":"","ocean_menu_social_hover_links_bg":"","ocean_menu_social_links_color":"","ocean_menu_social_hover_links_color":"","ocean_disable_title":"default","ocean_disable_heading":"default","ocean_post_title":"","ocean_post_subheading":"","ocean_post_title_style":"","ocean_post_title_background_color":"","ocean_post_title_background":0,"ocean_post_title_bg_image_position":"","ocean_post_title_bg_image_attachment":"","ocean_post_title_bg_image_repeat":"","ocean_post_title_bg_image_size":"","ocean_post_title_height":0,"ocean_post_title_bg_overlay":0.5,"ocean_post_title_bg_overlay_color":"","ocean_disable_breadcrumbs":"default","ocean_breadcrumbs_color":"","ocean_breadcrumbs_separator_color":"","ocean_breadcrumbs_links_color":"","ocean_breadcrumbs_links_hover_color":"","ocean_display_footer_widgets":"default","ocean_display_footer_bottom":"default","ocean_custom_footer_template":"","two_page_speed":[],"footnotes":""},"class_list":["post-16","page","type-page","status-publish","hentry","entry"],"yoast_head":"<!-- This site is optimized with the Yoast SEO plugin v23.4 - https:\/\/yoast.com\/wordpress\/plugins\/seo\/ -->\n<title>Nous \u00e9crire -<\/title>\n<meta name=\"robots\" content=\"index, follow, max-snippet:-1, max-image-preview:large, max-video-preview:-1\" \/>\n<link rel=\"canonical\" href=\"https:\/\/www.leschaletsm.com\/index.php\/nous-ecrire\/\" \/>\n<meta property=\"og:locale\" content=\"fr_FR\" \/>\n<meta property=\"og:type\" content=\"article\" \/>\n<meta property=\"og:title\" content=\"Nous \u00e9crire -\" \/>\n<meta property=\"og:description\" content=\"Nous Contacter Renseigner le formulaire et nous reviendrons vers vous tr\u00e8s rapidement Nous ecrire Nom Nom Nom de famille Nom de famille Pr\u00e9nom Pr\u00e9nom Email Objet Votre message Envoyer Si vous \u00eates un humain, ne remplissez pas ce champ. Nous trouver Les chalets de l&rsquo; M 25 chemin de la Ravanlire 74310 Les Houches 06 [&hellip;]\" \/>\n<meta property=\"og:url\" content=\"https:\/\/www.leschaletsm.com\/index.php\/nous-ecrire\/\" \/>\n<meta property=\"article:modified_time\" content=\"2024-07-31T18:38:19+00:00\" \/>\n<meta name=\"twitter:card\" content=\"summary_large_image\" \/>\n<meta name=\"twitter:label1\" content=\"Dur\u00e9e de lecture estim\u00e9e\" \/>\n\t<meta name=\"twitter:data1\" content=\"1 minute\" \/>\n<script type=\"application\/ld+json\" class=\"yoast-schema-graph\">{\"@context\":\"https:\/\/schema.org\",\"@graph\":[{\"@type\":\"WebPage\",\"@id\":\"https:\/\/www.leschaletsm.com\/index.php\/nous-ecrire\/\",\"url\":\"https:\/\/www.leschaletsm.com\/index.php\/nous-ecrire\/\",\"name\":\"Nous \u00e9crire -\",\"isPartOf\":{\"@id\":\"https:\/\/www.leschaletsm.com\/#website\"},\"datePublished\":\"2024-07-24T07:54:36+00:00\",\"dateModified\":\"2024-07-31T18:38:19+00:00\",\"breadcrumb\":{\"@id\":\"https:\/\/www.leschaletsm.com\/index.php\/nous-ecrire\/#breadcrumb\"},\"inLanguage\":\"fr-FR\",\"potentialAction\":[{\"@type\":\"ReadAction\",\"target\":[\"https:\/\/www.leschaletsm.com\/index.php\/nous-ecrire\/\"]}]},{\"@type\":\"BreadcrumbList\",\"@id\":\"https:\/\/www.leschaletsm.com\/index.php\/nous-ecrire\/#breadcrumb\",\"itemListElement\":[{\"@type\":\"ListItem\",\"position\":1,\"name\":\"Accueil\",\"item\":\"https:\/\/www.leschaletsm.com\/\"},{\"@type\":\"ListItem\",\"position\":2,\"name\":\"Nous \u00e9crire\"}]},{\"@type\":\"WebSite\",\"@id\":\"https:\/\/www.leschaletsm.com\/#website\",\"url\":\"https:\/\/www.leschaletsm.com\/\",\"name\":\"Les Chalets de l'M\",\"description\":\"Au coeur du massif du Mont Blanc\",\"potentialAction\":[{\"@type\":\"SearchAction\",\"target\":{\"@type\":\"EntryPoint\",\"urlTemplate\":\"https:\/\/www.leschaletsm.com\/?s={search_term_string}\"},\"query-input\":{\"@type\":\"PropertyValueSpecification\",\"valueRequired\":true,\"valueName\":\"search_term_string\"}}],\"inLanguage\":\"fr-FR\"}]}<\/script>\n<!-- \/ Yoast SEO plugin. -->","yoast_head_json":{"title":"Nous \u00e9crire -","robots":{"index":"index","follow":"follow","max-snippet":"max-snippet:-1","max-image-preview":"max-image-preview:large","max-video-preview":"max-video-preview:-1"},"canonical":"https:\/\/www.leschaletsm.com\/index.php\/nous-ecrire\/","og_locale":"fr_FR","og_type":"article","og_title":"Nous \u00e9crire -","og_description":"Nous Contacter Renseigner le formulaire et nous reviendrons vers vous tr\u00e8s rapidement Nous ecrire Nom Nom Nom de famille Nom de famille Pr\u00e9nom Pr\u00e9nom Email Objet Votre message Envoyer Si vous \u00eates un humain, ne remplissez pas ce champ. Nous trouver Les chalets de l&rsquo; M 25 chemin de la Ravanlire 74310 Les Houches 06 [&hellip;]","og_url":"https:\/\/www.leschaletsm.com\/index.php\/nous-ecrire\/","article_modified_time":"2024-07-31T18:38:19+00:00","twitter_card":"summary_large_image","twitter_misc":{"Dur\u00e9e de lecture estim\u00e9e":"1 minute"},"schema":{"@context":"https:\/\/schema.org","@graph":[{"@type":"WebPage","@id":"https:\/\/www.leschaletsm.com\/index.php\/nous-ecrire\/","url":"https:\/\/www.leschaletsm.com\/index.php\/nous-ecrire\/","name":"Nous \u00e9crire -","isPartOf":{"@id":"https:\/\/www.leschaletsm.com\/#website"},"datePublished":"2024-07-24T07:54:36+00:00","dateModified":"2024-07-31T18:38:19+00:00","breadcrumb":{"@id":"https:\/\/www.leschaletsm.com\/index.php\/nous-ecrire\/#breadcrumb"},"inLanguage":"fr-FR","potentialAction":[{"@type":"ReadAction","target":["https:\/\/www.leschaletsm.com\/index.php\/nous-ecrire\/"]}]},{"@type":"BreadcrumbList","@id":"https:\/\/www.leschaletsm.com\/index.php\/nous-ecrire\/#breadcrumb","itemListElement":[{"@type":"ListItem","position":1,"name":"Accueil","item":"https:\/\/www.leschaletsm.com\/"},{"@type":"ListItem","position":2,"name":"Nous \u00e9crire"}]},{"@type":"WebSite","@id":"https:\/\/www.leschaletsm.com\/#website","url":"https:\/\/www.leschaletsm.com\/","name":"Les Chalets de l'M","description":"Au coeur du massif du Mont Blanc","potentialAction":[{"@type":"SearchAction","target":{"@type":"EntryPoint","urlTemplate":"https:\/\/www.leschaletsm.com\/?s={search_term_string}"},"query-input":{"@type":"PropertyValueSpecification","valueRequired":true,"valueName":"search_term_string"}}],"inLanguage":"fr-FR"}]}},"_links":{"self":[{"href":"https:\/\/www.leschaletsm.com\/index.php\/wp-json\/wp\/v2\/pages\/16","targetHints":{"allow":["GET"]}}],"collection":[{"href":"https:\/\/www.leschaletsm.com\/index.php\/wp-json\/wp\/v2\/pages"}],"about":[{"href":"https:\/\/www.leschaletsm.com\/index.php\/wp-json\/wp\/v2\/types\/page"}],"author":[{"embeddable":true,"href":"https:\/\/www.leschaletsm.com\/index.php\/wp-json\/wp\/v2\/users\/3"}],"replies":[{"embeddable":true,"href":"https:\/\/www.leschaletsm.com\/index.php\/wp-json\/wp\/v2\/comments?post=16"}],"version-history":[{"count":37,"href":"https:\/\/www.leschaletsm.com\/index.php\/wp-json\/wp\/v2\/pages\/16\/revisions"}],"predecessor-version":[{"id":521,"href":"https:\/\/www.leschaletsm.com\/index.php\/wp-json\/wp\/v2\/pages\/16\/revisions\/521"}],"wp:attachment":[{"href":"https:\/\/www.leschaletsm.com\/index.php\/wp-json\/wp\/v2\/media?parent=16"}],"curies":[{"name":"wp","href":"https:\/\/api.w.org\/{rel}","templated":true}]}}